{"id":99,"date":"2023-11-08T19:01:01","date_gmt":"2023-11-08T19:01:01","guid":{"rendered":"https:\/\/kv-technik.ch\/?page_id=99"},"modified":"2023-11-16T19:37:34","modified_gmt":"2023-11-16T19:37:34","slug":"leistungen","status":"publish","type":"page","link":"https:\/\/kv-technik.ch\/?page_id=99","title":{"rendered":"Unsere Dienstleistungen"},"content":{"rendered":"\n<div class=\"wp-block-columns is-layout-flex wp-container-core-columns-is-layout-28f84493 wp-block-columns-is-layout-flex\">\n<div class=\"wp-block-column is-layout-flow wp-block-column-is-layout-flow\">\n<div class=\"wp-block-columns alignwide are-vertically-aligned-center is-layout-flex wp-container-core-columns-is-layout-28f84493 wp-block-columns-is-layout-flex\">\n<div class=\"wp-block-column is-vertically-aligned-center is-layout-flow wp-block-column-is-layout-flow\">\n<h2 style=\"text-align: center;\"><em><strong>\u00dcbersicht unsere Dienstleistungen<\/strong><\/em><\/h2>\n<ul>\n<li style=\"text-align: left;\">Wartung und Optimierung von Spritzgussmaschinen und zugeh\u00f6rigen Ger\u00e4ten<\/li>\n<li style=\"text-align: left;\">Handel mit gebrauchten Maschinen<\/li>\n<li style=\"text-align: left;\">Erstellung massgeschneiderter Wartungspl\u00e4ne f\u00fcr Spritzgussmaschinen und Peripherieger\u00e4te<\/li>\n<li style=\"text-align: left;\">Individuelle Instandhaltung, angepasst an die spezifischen Anforderungen Ihres Betriebs<\/li>\n<li style=\"text-align: left;\">Reparaturen und Service f\u00fcr Temperierger\u00e4te vor Ort oder in unserer eigenen Werkstatt<\/li>\n<\/ul>\n<\/div>\n<\/div>\n<\/div>\n<\/div>\n","protected":false},"excerpt":{"rendered":"<p>\u00dcbersicht unsere Dienstleistungen Wartung und Optimierung von Spritzgussmaschinen und zugeh\u00f6rigen Ger\u00e4ten Handel mit gebrauchten Maschinen Erstellung massgeschneiderter Wartungspl\u00e4ne f\u00fcr Spritzgussmaschinen und Peripherieger\u00e4te Individuelle Instandhaltung, angepasst an die spezifischen Anforderungen Ihres Betriebs Reparaturen und Service f\u00fcr Temperierger\u00e4te vor Ort oder in unserer eigenen Werkstatt<\/p>\n","protected":false},"author":1,"featured_media":0,"parent":0,"menu_order":0,"comment_status":"closed","ping_status":"closed","template":"","meta":{"footnotes":""},"class_list":["post-99","page","type-page","status-publish","hentry"],"yoast_head":"<!-- This site is optimized with the Yoast SEO plugin v26.6 - https:\/\/yoast.com\/wordpress\/plugins\/seo\/ -->\n<title>Unsere Dienstleistungen - KV-Technik<\/title>\n<meta name=\"robots\" content=\"index, follow, max-snippet:-1, max-image-preview:large, max-video-preview:-1\" \/>\n<link rel=\"canonical\" href=\"https:\/\/kv-technik.ch\/?page_id=99\" \/>\n<meta property=\"og:locale\" content=\"de_DE\" \/>\n<meta property=\"og:type\" content=\"article\" \/>\n<meta property=\"og:title\" content=\"Unsere Dienstleistungen - KV-Technik\" \/>\n<meta property=\"og:description\" content=\"\u00dcbersicht unsere Dienstleistungen Wartung und Optimierung von Spritzgussmaschinen und zugeh\u00f6rigen Ger\u00e4ten Handel mit gebrauchten Maschinen Erstellung massgeschneiderter Wartungspl\u00e4ne f\u00fcr Spritzgussmaschinen und Peripherieger\u00e4te Individuelle Instandhaltung, angepasst an die spezifischen Anforderungen Ihres Betriebs Reparaturen und Service f\u00fcr Temperierger\u00e4te vor Ort oder in unserer eigenen Werkstatt\" \/>\n<meta property=\"og:url\" content=\"https:\/\/kv-technik.ch\/?page_id=99\" \/>\n<meta property=\"og:site_name\" content=\"KV-Technik\" \/>\n<meta property=\"article:modified_time\" content=\"2023-11-16T19:37:34+00:00\" \/>\n<meta name=\"twitter:card\" content=\"summary_large_image\" \/>\n<meta name=\"twitter:label1\" content=\"Gesch\u00e4tzte Lesezeit\" \/>\n\t<meta name=\"twitter:data1\" content=\"1\u00a0Minute\" \/>\n<script type=\"application\/ld+json\" class=\"yoast-schema-graph\">{\"@context\":\"https:\/\/schema.org\",\"@graph\":[{\"@type\":\"WebPage\",\"@id\":\"https:\/\/kv-technik.ch\/?page_id=99\",\"url\":\"https:\/\/kv-technik.ch\/?page_id=99\",\"name\":\"Unsere Dienstleistungen - KV-Technik\",\"isPartOf\":{\"@id\":\"https:\/\/kv-technik.ch\/#website\"},\"datePublished\":\"2023-11-08T19:01:01+00:00\",\"dateModified\":\"2023-11-16T19:37:34+00:00\",\"breadcrumb\":{\"@id\":\"https:\/\/kv-technik.ch\/?page_id=99#breadcrumb\"},\"inLanguage\":\"de\",\"potentialAction\":[{\"@type\":\"ReadAction\",\"target\":[\"https:\/\/kv-technik.ch\/?page_id=99\"]}]},{\"@type\":\"BreadcrumbList\",\"@id\":\"https:\/\/kv-technik.ch\/?page_id=99#breadcrumb\",\"itemListElement\":[{\"@type\":\"ListItem\",\"position\":1,\"name\":\"Startseite\",\"item\":\"https:\/\/kv-technik.ch\/\"},{\"@type\":\"ListItem\",\"position\":2,\"name\":\"Unsere Dienstleistungen\"}]},{\"@type\":\"WebSite\",\"@id\":\"https:\/\/kv-technik.ch\/#website\",\"url\":\"https:\/\/kv-technik.ch\/\",\"name\":\"KV-Technik\",\"description\":\"\",\"potentialAction\":[{\"@type\":\"SearchAction\",\"target\":{\"@type\":\"EntryPoint\",\"urlTemplate\":\"https:\/\/kv-technik.ch\/?s={search_term_string}\"},\"query-input\":{\"@type\":\"PropertyValueSpecification\",\"valueRequired\":true,\"valueName\":\"search_term_string\"}}],\"inLanguage\":\"de\"}]}<\/script>\n<!-- \/ Yoast SEO plugin. -->","yoast_head_json":{"title":"Unsere Dienstleistungen - KV-Technik","robots":{"index":"index","follow":"follow","max-snippet":"max-snippet:-1","max-image-preview":"max-image-preview:large","max-video-preview":"max-video-preview:-1"},"canonical":"https:\/\/kv-technik.ch\/?page_id=99","og_locale":"de_DE","og_type":"article","og_title":"Unsere Dienstleistungen - KV-Technik","og_description":"\u00dcbersicht unsere Dienstleistungen Wartung und Optimierung von Spritzgussmaschinen und zugeh\u00f6rigen Ger\u00e4ten Handel mit gebrauchten Maschinen Erstellung massgeschneiderter Wartungspl\u00e4ne f\u00fcr Spritzgussmaschinen und Peripherieger\u00e4te Individuelle Instandhaltung, angepasst an die spezifischen Anforderungen Ihres Betriebs Reparaturen und Service f\u00fcr Temperierger\u00e4te vor Ort oder in unserer eigenen Werkstatt","og_url":"https:\/\/kv-technik.ch\/?page_id=99","og_site_name":"KV-Technik","article_modified_time":"2023-11-16T19:37:34+00:00","twitter_card":"summary_large_image","twitter_misc":{"Gesch\u00e4tzte Lesezeit":"1\u00a0Minute"},"schema":{"@context":"https:\/\/schema.org","@graph":[{"@type":"WebPage","@id":"https:\/\/kv-technik.ch\/?page_id=99","url":"https:\/\/kv-technik.ch\/?page_id=99","name":"Unsere Dienstleistungen - KV-Technik","isPartOf":{"@id":"https:\/\/kv-technik.ch\/#website"},"datePublished":"2023-11-08T19:01:01+00:00","dateModified":"2023-11-16T19:37:34+00:00","breadcrumb":{"@id":"https:\/\/kv-technik.ch\/?page_id=99#breadcrumb"},"inLanguage":"de","potentialAction":[{"@type":"ReadAction","target":["https:\/\/kv-technik.ch\/?page_id=99"]}]},{"@type":"BreadcrumbList","@id":"https:\/\/kv-technik.ch\/?page_id=99#breadcrumb","itemListElement":[{"@type":"ListItem","position":1,"name":"Startseite","item":"https:\/\/kv-technik.ch\/"},{"@type":"ListItem","position":2,"name":"Unsere Dienstleistungen"}]},{"@type":"WebSite","@id":"https:\/\/kv-technik.ch\/#website","url":"https:\/\/kv-technik.ch\/","name":"KV-Technik","description":"","potentialAction":[{"@type":"SearchAction","target":{"@type":"EntryPoint","urlTemplate":"https:\/\/kv-technik.ch\/?s={search_term_string}"},"query-input":{"@type":"PropertyValueSpecification","valueRequired":true,"valueName":"search_term_string"}}],"inLanguage":"de"}]}},"_links":{"self":[{"href":"https:\/\/kv-technik.ch\/index.php?rest_route=\/wp\/v2\/pages\/99","targetHints":{"allow":["GET"]}}],"collection":[{"href":"https:\/\/kv-technik.ch\/index.php?rest_route=\/wp\/v2\/pages"}],"about":[{"href":"https:\/\/kv-technik.ch\/index.php?rest_route=\/wp\/v2\/types\/page"}],"author":[{"embeddable":true,"href":"https:\/\/kv-technik.ch\/index.php?rest_route=\/wp\/v2\/users\/1"}],"replies":[{"embeddable":true,"href":"https:\/\/kv-technik.ch\/index.php?rest_route=%2Fwp%2Fv2%2Fcomments&post=99"}],"version-history":[{"count":22,"href":"https:\/\/kv-technik.ch\/index.php?rest_route=\/wp\/v2\/pages\/99\/revisions"}],"predecessor-version":[{"id":241,"href":"https:\/\/kv-technik.ch\/index.php?rest_route=\/wp\/v2\/pages\/99\/revisions\/241"}],"wp:attachment":[{"href":"https:\/\/kv-technik.ch\/index.php?rest_route=%2Fwp%2Fv2%2Fmedia&parent=99"}],"curies":[{"name":"wp","href":"https:\/\/api.w.org\/{rel}","templated":true}]}}